{"id":1838,"date":"2015-04-27T19:05:53","date_gmt":"2015-04-27T23:05:53","guid":{"rendered":"https:\/\/www.osteosanteplus.com\/?page_id=1838"},"modified":"2019-01-02T14:35:56","modified_gmt":"2019-01-02T19:35:56","slug":"therapeute","status":"publish","type":"page","link":"https:\/\/www.osteosanteplus.com\/index.php\/therapeute\/","title":{"rendered":"Th\u00e9rapeute"},"content":{"rendered":"<div class='hr_invisible '><\/div>\n<div  class='column one-fourth  '><span class = 'rounded-img border'> <img src='https:\/\/www.osteosanteplus.com\/wp-content\/uploads\/2015\/04\/moi_osteo_r\u00e9duit.jpg' alt='' title=''\/><\/span><\/div>\n<div class='team'> <h1>Aline Dalp\u00e9 D.O. N.D.<\/h1> <span class='role'> <strong>Designation: <\/strong>Ost\u00e9opathe<\/span> <p><span style=\"font-size: medium;\">Aline Dalp\u00e9 est dipl\u00f4m\u00e9e en ost\u00e9opathie de\u202fl\u2019Institut de l\u2019enseignement de l\u2019ost\u00e9opathie du Qu\u00e9bec,\ndepuis 2008. Aline est \u00e9galement dipl\u00f4m\u00e9e en naturopathie de l\u2019Institut de formation\nNaturopathique. Elle a produit un m\u00e9moire portant sur\u202f\u00ab\u202fL\u2019ost\u00e9opathie et les douleurs\ncaus\u00e9es par les technologies de l\u2019information\u202f\u00bb. Aline est membre des\nassociations suivantes\u202f: la Soci\u00e9t\u00e9 des Ost\u00e9opathes du Qu\u00e9bec, RITMA et la SCMMAC qui sont\nreconnues par la majorit\u00e9 des compagnies d\u2019assurance collective.<\/span><\/p>\n<p><span style=\"font-size: medium;\">Le centre d&rsquo;Ost\u00e9opathie Sant\u00e9 Plus est \u00e9tablie \u00e0 Boisbriand dans une maison\ncentenaire convertie en centre de sant\u00e9 depuis 2008, situ\u00e9e tout pr\u00e8s de la Place Rosem\u00e8re.\nLors des traitements, l&rsquo;ost\u00e9opathe recherchera la cause de vos douleurs plut\u00f4t que de simplement masquer\nvos sympt\u00f4mes. \u00c0 l\u2019aide de man\u0153uvres douces et s\u00fbres appel\u00e9es ajustements ost\u00e9opathiques,\nl&rsquo;ost\u00e9opathe travaille \u00e0 corriger la source de votre douleur. Il peut aussi selon la nature de votre\nprobl\u00e8me vous sugg\u00e9rer des exercices et des modifications ergonomiques au travail et \u00e0 la\nmaison pour acc\u00e9l\u00e9rer votre r\u00e9tablissement et \u00e9viter les rechutes. L&rsquo;ost\u00e9opathe travaille aupr\u00e8s d\u2019une\nclient\u00e8le d\u2019\u00e2ges vari\u00e9s (nourrissons, enfants, adultes, femmes enceintes).<\/span><\/p><\/div>\n","protected":false},"excerpt":{"rendered":"","protected":false},"author":1,"featured_media":0,"parent":0,"menu_order":0,"comment_status":"open","ping_status":"open","template":"","meta":{"footnotes":""},"class_list":["post-1838","page","type-page","status-publish","hentry"],"yoast_head":"<!-- This site is optimized with the Yoast SEO plugin v26.6 - https:\/\/yoast.com\/wordpress\/plugins\/seo\/ -->\n<title>Th\u00e9rapeute - Centre d&#039;Ost\u00e9opathie Sant\u00e9 Plus<\/title>\n<meta name=\"robots\" content=\"index, follow, max-snippet:-1, max-image-preview:large, max-video-preview:-1\" \/>\n<link rel=\"canonical\" href=\"https:\/\/www.osteosanteplus.com\/index.php\/therapeute\/\" \/>\n<meta property=\"og:locale\" content=\"fr_FR\" \/>\n<meta property=\"og:type\" content=\"article\" \/>\n<meta property=\"og:title\" content=\"Th\u00e9rapeute - Centre d&#039;Ost\u00e9opathie Sant\u00e9 Plus\" \/>\n<meta property=\"og:url\" content=\"https:\/\/www.osteosanteplus.com\/index.php\/therapeute\/\" \/>\n<meta property=\"og:site_name\" content=\"Centre d&#039;Ost\u00e9opathie Sant\u00e9 Plus\" \/>\n<meta property=\"article:modified_time\" content=\"2019-01-02T19:35:56+00:00\" \/>\n<meta name=\"twitter:card\" content=\"summary_large_image\" \/>\n<meta name=\"twitter:label1\" content=\"Dur\u00e9e de lecture estim\u00e9e\" \/>\n\t<meta name=\"twitter:data1\" content=\"1 minute\" \/>\n<script type=\"application\/ld+json\" class=\"yoast-schema-graph\">{\"@context\":\"https:\/\/schema.org\",\"@graph\":[{\"@type\":\"WebPage\",\"@id\":\"https:\/\/www.osteosanteplus.com\/index.php\/therapeute\/\",\"url\":\"https:\/\/www.osteosanteplus.com\/index.php\/therapeute\/\",\"name\":\"Th\u00e9rapeute - Centre d'Ost\u00e9opathie Sant\u00e9 Plus\",\"isPartOf\":{\"@id\":\"https:\/\/www.osteosanteplus.com\/#website\"},\"datePublished\":\"2015-04-27T23:05:53+00:00\",\"dateModified\":\"2019-01-02T19:35:56+00:00\",\"breadcrumb\":{\"@id\":\"https:\/\/www.osteosanteplus.com\/index.php\/therapeute\/#breadcrumb\"},\"inLanguage\":\"fr-FR\",\"potentialAction\":[{\"@type\":\"ReadAction\",\"target\":[\"https:\/\/www.osteosanteplus.com\/index.php\/therapeute\/\"]}]},{\"@type\":\"BreadcrumbList\",\"@id\":\"https:\/\/www.osteosanteplus.com\/index.php\/therapeute\/#breadcrumb\",\"itemListElement\":[{\"@type\":\"ListItem\",\"position\":1,\"name\":\"Accueil\",\"item\":\"https:\/\/www.osteosanteplus.com\/\"},{\"@type\":\"ListItem\",\"position\":2,\"name\":\"Th\u00e9rapeute\"}]},{\"@type\":\"WebSite\",\"@id\":\"https:\/\/www.osteosanteplus.com\/#website\",\"url\":\"https:\/\/www.osteosanteplus.com\/\",\"name\":\"Centre d'Ost\u00e9opathie Sant\u00e9 Plus\",\"description\":\"Portail Centre d&#039;Ost\u00e9opathie Sant\u00e9 Plus Inc.\",\"potentialAction\":[{\"@type\":\"SearchAction\",\"target\":{\"@type\":\"EntryPoint\",\"urlTemplate\":\"https:\/\/www.osteosanteplus.com\/?s={search_term_string}\"},\"query-input\":{\"@type\":\"PropertyValueSpecification\",\"valueRequired\":true,\"valueName\":\"search_term_string\"}}],\"inLanguage\":\"fr-FR\"}]}<\/script>\n<!-- \/ Yoast SEO plugin. -->","yoast_head_json":{"title":"Th\u00e9rapeute - Centre d'Ost\u00e9opathie Sant\u00e9 Plus","robots":{"index":"index","follow":"follow","max-snippet":"max-snippet:-1","max-image-preview":"max-image-preview:large","max-video-preview":"max-video-preview:-1"},"canonical":"https:\/\/www.osteosanteplus.com\/index.php\/therapeute\/","og_locale":"fr_FR","og_type":"article","og_title":"Th\u00e9rapeute - Centre d'Ost\u00e9opathie Sant\u00e9 Plus","og_url":"https:\/\/www.osteosanteplus.com\/index.php\/therapeute\/","og_site_name":"Centre d'Ost\u00e9opathie Sant\u00e9 Plus","article_modified_time":"2019-01-02T19:35:56+00:00","twitter_card":"summary_large_image","twitter_misc":{"Dur\u00e9e de lecture estim\u00e9e":"1 minute"},"schema":{"@context":"https:\/\/schema.org","@graph":[{"@type":"WebPage","@id":"https:\/\/www.osteosanteplus.com\/index.php\/therapeute\/","url":"https:\/\/www.osteosanteplus.com\/index.php\/therapeute\/","name":"Th\u00e9rapeute - Centre d'Ost\u00e9opathie Sant\u00e9 Plus","isPartOf":{"@id":"https:\/\/www.osteosanteplus.com\/#website"},"datePublished":"2015-04-27T23:05:53+00:00","dateModified":"2019-01-02T19:35:56+00:00","breadcrumb":{"@id":"https:\/\/www.osteosanteplus.com\/index.php\/therapeute\/#breadcrumb"},"inLanguage":"fr-FR","potentialAction":[{"@type":"ReadAction","target":["https:\/\/www.osteosanteplus.com\/index.php\/therapeute\/"]}]},{"@type":"BreadcrumbList","@id":"https:\/\/www.osteosanteplus.com\/index.php\/therapeute\/#breadcrumb","itemListElement":[{"@type":"ListItem","position":1,"name":"Accueil","item":"https:\/\/www.osteosanteplus.com\/"},{"@type":"ListItem","position":2,"name":"Th\u00e9rapeute"}]},{"@type":"WebSite","@id":"https:\/\/www.osteosanteplus.com\/#website","url":"https:\/\/www.osteosanteplus.com\/","name":"Centre d'Ost\u00e9opathie Sant\u00e9 Plus","description":"Portail Centre d&#039;Ost\u00e9opathie Sant\u00e9 Plus Inc.","potentialAction":[{"@type":"SearchAction","target":{"@type":"EntryPoint","urlTemplate":"https:\/\/www.osteosanteplus.com\/?s={search_term_string}"},"query-input":{"@type":"PropertyValueSpecification","valueRequired":true,"valueName":"search_term_string"}}],"inLanguage":"fr-FR"}]}},"_links":{"self":[{"href":"https:\/\/www.osteosanteplus.com\/index.php\/wp-json\/wp\/v2\/pages\/1838","targetHints":{"allow":["GET"]}}],"collection":[{"href":"https:\/\/www.osteosanteplus.com\/index.php\/wp-json\/wp\/v2\/pages"}],"about":[{"href":"https:\/\/www.osteosanteplus.com\/index.php\/wp-json\/wp\/v2\/types\/page"}],"author":[{"embeddable":true,"href":"https:\/\/www.osteosanteplus.com\/index.php\/wp-json\/wp\/v2\/users\/1"}],"replies":[{"embeddable":true,"href":"https:\/\/www.osteosanteplus.com\/index.php\/wp-json\/wp\/v2\/comments?post=1838"}],"version-history":[{"count":33,"href":"https:\/\/www.osteosanteplus.com\/index.php\/wp-json\/wp\/v2\/pages\/1838\/revisions"}],"predecessor-version":[{"id":2057,"href":"https:\/\/www.osteosanteplus.com\/index.php\/wp-json\/wp\/v2\/pages\/1838\/revisions\/2057"}],"wp:attachment":[{"href":"https:\/\/www.osteosanteplus.com\/index.php\/wp-json\/wp\/v2\/media?parent=1838"}],"curies":[{"name":"wp","href":"https:\/\/api.w.org\/{rel}","templated":true}]}}