{"id":1843,"date":"2015-04-27T19:18:19","date_gmt":"2015-04-27T23:18:19","guid":{"rendered":"https:\/\/www.osteosanteplus.com\/?page_id=1843"},"modified":"2023-10-23T14:17:56","modified_gmt":"2023-10-23T18:17:56","slug":"contact","status":"publish","type":"page","link":"https:\/\/www.osteosanteplus.com\/index.php\/contact\/","title":{"rendered":"Contact"},"content":{"rendered":"<div  class='column two-third  '>Il nous fera plaisirs de vous contacter pour r\u00e9server une plage horaire ou r\u00e9pondre \u00e0 vos questions.\n\n<div class='hr_invisible '><\/div>\n\n\n<div class=\"wpcf7 no-js\" id=\"wpcf7-f4-o1\" lang=\"fr-FR\" dir=\"ltr\" data-wpcf7-id=\"4\">\n<div class=\"screen-reader-response\"><p role=\"status\" aria-live=\"polite\" aria-atomic=\"true\"><\/p> <ul><\/ul><\/div>\n<form action=\"\/index.php\/wp-json\/wp\/v2\/pages\/1843#wpcf7-f4-o1\" method=\"post\" class=\"wpcf7-form init\" aria-label=\"Formulaire de contact\" novalidate=\"novalidate\" data-status=\"init\">\n<fieldset class=\"hidden-fields-container\"><input type=\"hidden\" name=\"_wpcf7\" value=\"4\" \/><input type=\"hidden\" name=\"_wpcf7_version\" value=\"6.1.4\" \/><input type=\"hidden\" name=\"_wpcf7_locale\" value=\"fr_FR\" \/><input type=\"hidden\" name=\"_wpcf7_unit_tag\" value=\"wpcf7-f4-o1\" \/><input type=\"hidden\" name=\"_wpcf7_container_post\" value=\"0\" \/><input type=\"hidden\" name=\"_wpcf7_posted_data_hash\" value=\"\" \/>\n<\/fieldset>\n<p><label> Votre Nom (requis)\n<span class=\"wpcf7-form-control-wrap\" data-name=\"your-name\"><input size=\"40\" maxlength=\"400\" class=\"wpcf7-form-control wpcf7-text wpcf7-validates-as-required\" aria-required=\"true\" aria-invalid=\"false\" value=\"\" type=\"text\" name=\"your-name\" \/><\/span> <\/label>\n<\/p>\n<p><label> Votre adresse courriel (requis)\n<span class=\"wpcf7-form-control-wrap\" data-name=\"your-email\"><input size=\"40\" maxlength=\"400\" class=\"wpcf7-form-control wpcf7-email wpcf7-validates-as-required wpcf7-text wpcf7-validates-as-email\" aria-required=\"true\" aria-invalid=\"false\" value=\"\" type=\"email\" name=\"your-email\" \/><\/span> <\/label>\n<\/p>\n<p><label> Sujet\n<span class=\"wpcf7-form-control-wrap\" data-name=\"your-subject\"><input size=\"40\" maxlength=\"400\" class=\"wpcf7-form-control wpcf7-text\" aria-invalid=\"false\" value=\"\" type=\"text\" name=\"your-subject\" \/><\/span> <\/label>\n<\/p>\n<p><label> Votre Message\n<span class=\"wpcf7-form-control-wrap\" data-name=\"your-message\"><textarea cols=\"40\" rows=\"10\" maxlength=\"2000\" class=\"wpcf7-form-control wpcf7-textarea\" aria-invalid=\"false\" name=\"your-message\"><\/textarea><\/span> <\/label>\n<\/p>\n<p><input class=\"wpcf7-form-control wpcf7-submit has-spinner\" type=\"submit\" value=\"Envoyer\" \/>\n<\/p><div class=\"wpcf7-response-output\" aria-hidden=\"true\"><\/div>\n<\/form>\n<\/div><\/div>\n\n<div  class='column one-third  last'><h2>Nos Coordonn\u00e9es<\/h2>\n<ul class='contact-details '><li><span class='address'><\/span><p>333, Mont\u00e9e Sanche<br\/>Boisbriand, Qu\u00e9bec<br\/>J7G 2E6<br\/>A deux pas de la place Rosem\u00e8re<br\/><\/p><\/li>\n\n<li><span class='mail'><\/span><p><a href='mailto:info@osteosanteplus.com'>info@osteosanteplus.com<\/a><br\/><\/p><\/li>\n\n<li><span class='phone'><\/span><p>514.905.8187<br\/><\/p><\/li>\n\n<li><span class='phone'><\/span><p>TEXTO: 438-881-5175<br\/><\/p><\/li>\n\n<strong>Coordonn\u00e9es du Responsable de la Protection des Renseignements Personnels<\/strong>\n\n<!-- \/wp:post-content --> <!-- wp:paragraph -->\n\nPour toute question au sujet du traitement ou de la mise \u00e0 jour de vos renseignements personnels ou pour nous faire part de toute pr\u00e9occupation \u00e0 cet \u00e9gard, veuillez communiquer avec nous par le biais de l&rsquo;adresse courriel suivante: <a href=\"mailto:info@ketosanteplus.com\" target=\"_blank\" rel=\"noreferrer noopener\">info@ketosanteplus.com<\/a>\n\n<!-- \/wp:paragraph --> <!-- wp:paragraph -->\n\nLe responsable de la protection des renseignements personnels prendra contact avec vous des les trente (30) jours suivant la r\u00e9ception de votre courriel.<\/ul>\n\n<div class='hr_invisible '><\/div><\/div>\n\n<!-- wp:paragraph -->\n\n<!-- \/wp:paragraph -->","protected":false},"excerpt":{"rendered":"","protected":false},"author":1,"featured_media":0,"parent":0,"menu_order":0,"comment_status":"open","ping_status":"open","template":"","meta":{"footnotes":""},"class_list":["post-1843","page","type-page","status-publish","hentry"],"yoast_head":"<!-- This site is optimized with the Yoast SEO plugin v26.6 - https:\/\/yoast.com\/wordpress\/plugins\/seo\/ -->\n<title>Contact - Centre d&#039;Ost\u00e9opathie Sant\u00e9 Plus<\/title>\n<meta name=\"robots\" content=\"index, follow, max-snippet:-1, max-image-preview:large, max-video-preview:-1\" \/>\n<link rel=\"canonical\" href=\"https:\/\/www.osteosanteplus.com\/index.php\/contact\/\" \/>\n<meta property=\"og:locale\" content=\"fr_FR\" \/>\n<meta property=\"og:type\" content=\"article\" \/>\n<meta property=\"og:title\" content=\"Contact - Centre d&#039;Ost\u00e9opathie Sant\u00e9 Plus\" \/>\n<meta property=\"og:url\" content=\"https:\/\/www.osteosanteplus.com\/index.php\/contact\/\" \/>\n<meta property=\"og:site_name\" content=\"Centre d&#039;Ost\u00e9opathie Sant\u00e9 Plus\" \/>\n<meta property=\"article:modified_time\" content=\"2023-10-23T18:17:56+00:00\" \/>\n<meta name=\"twitter:card\" content=\"summary_large_image\" \/>\n<meta name=\"twitter:label1\" content=\"Dur\u00e9e de lecture estim\u00e9e\" \/>\n\t<meta name=\"twitter:data1\" content=\"1 minute\" \/>\n<script type=\"application\/ld+json\" class=\"yoast-schema-graph\">{\"@context\":\"https:\/\/schema.org\",\"@graph\":[{\"@type\":\"WebPage\",\"@id\":\"https:\/\/www.osteosanteplus.com\/index.php\/contact\/\",\"url\":\"https:\/\/www.osteosanteplus.com\/index.php\/contact\/\",\"name\":\"Contact - Centre d'Ost\u00e9opathie Sant\u00e9 Plus\",\"isPartOf\":{\"@id\":\"https:\/\/www.osteosanteplus.com\/#website\"},\"datePublished\":\"2015-04-27T23:18:19+00:00\",\"dateModified\":\"2023-10-23T18:17:56+00:00\",\"breadcrumb\":{\"@id\":\"https:\/\/www.osteosanteplus.com\/index.php\/contact\/#breadcrumb\"},\"inLanguage\":\"fr-FR\",\"potentialAction\":[{\"@type\":\"ReadAction\",\"target\":[\"https:\/\/www.osteosanteplus.com\/index.php\/contact\/\"]}]},{\"@type\":\"BreadcrumbList\",\"@id\":\"https:\/\/www.osteosanteplus.com\/index.php\/contact\/#breadcrumb\",\"itemListElement\":[{\"@type\":\"ListItem\",\"position\":1,\"name\":\"Accueil\",\"item\":\"https:\/\/www.osteosanteplus.com\/\"},{\"@type\":\"ListItem\",\"position\":2,\"name\":\"Contact\"}]},{\"@type\":\"WebSite\",\"@id\":\"https:\/\/www.osteosanteplus.com\/#website\",\"url\":\"https:\/\/www.osteosanteplus.com\/\",\"name\":\"Centre d'Ost\u00e9opathie Sant\u00e9 Plus\",\"description\":\"Portail Centre d&#039;Ost\u00e9opathie Sant\u00e9 Plus Inc.\",\"potentialAction\":[{\"@type\":\"SearchAction\",\"target\":{\"@type\":\"EntryPoint\",\"urlTemplate\":\"https:\/\/www.osteosanteplus.com\/?s={search_term_string}\"},\"query-input\":{\"@type\":\"PropertyValueSpecification\",\"valueRequired\":true,\"valueName\":\"search_term_string\"}}],\"inLanguage\":\"fr-FR\"}]}<\/script>\n<!-- \/ Yoast SEO plugin. -->","yoast_head_json":{"title":"Contact - Centre d'Ost\u00e9opathie Sant\u00e9 Plus","robots":{"index":"index","follow":"follow","max-snippet":"max-snippet:-1","max-image-preview":"max-image-preview:large","max-video-preview":"max-video-preview:-1"},"canonical":"https:\/\/www.osteosanteplus.com\/index.php\/contact\/","og_locale":"fr_FR","og_type":"article","og_title":"Contact - Centre d'Ost\u00e9opathie Sant\u00e9 Plus","og_url":"https:\/\/www.osteosanteplus.com\/index.php\/contact\/","og_site_name":"Centre d'Ost\u00e9opathie Sant\u00e9 Plus","article_modified_time":"2023-10-23T18:17:56+00:00","twitter_card":"summary_large_image","twitter_misc":{"Dur\u00e9e de lecture estim\u00e9e":"1 minute"},"schema":{"@context":"https:\/\/schema.org","@graph":[{"@type":"WebPage","@id":"https:\/\/www.osteosanteplus.com\/index.php\/contact\/","url":"https:\/\/www.osteosanteplus.com\/index.php\/contact\/","name":"Contact - Centre d'Ost\u00e9opathie Sant\u00e9 Plus","isPartOf":{"@id":"https:\/\/www.osteosanteplus.com\/#website"},"datePublished":"2015-04-27T23:18:19+00:00","dateModified":"2023-10-23T18:17:56+00:00","breadcrumb":{"@id":"https:\/\/www.osteosanteplus.com\/index.php\/contact\/#breadcrumb"},"inLanguage":"fr-FR","potentialAction":[{"@type":"ReadAction","target":["https:\/\/www.osteosanteplus.com\/index.php\/contact\/"]}]},{"@type":"BreadcrumbList","@id":"https:\/\/www.osteosanteplus.com\/index.php\/contact\/#breadcrumb","itemListElement":[{"@type":"ListItem","position":1,"name":"Accueil","item":"https:\/\/www.osteosanteplus.com\/"},{"@type":"ListItem","position":2,"name":"Contact"}]},{"@type":"WebSite","@id":"https:\/\/www.osteosanteplus.com\/#website","url":"https:\/\/www.osteosanteplus.com\/","name":"Centre d'Ost\u00e9opathie Sant\u00e9 Plus","description":"Portail Centre d&#039;Ost\u00e9opathie Sant\u00e9 Plus Inc.","potentialAction":[{"@type":"SearchAction","target":{"@type":"EntryPoint","urlTemplate":"https:\/\/www.osteosanteplus.com\/?s={search_term_string}"},"query-input":{"@type":"PropertyValueSpecification","valueRequired":true,"valueName":"search_term_string"}}],"inLanguage":"fr-FR"}]}},"_links":{"self":[{"href":"https:\/\/www.osteosanteplus.com\/index.php\/wp-json\/wp\/v2\/pages\/1843","targetHints":{"allow":["GET"]}}],"collection":[{"href":"https:\/\/www.osteosanteplus.com\/index.php\/wp-json\/wp\/v2\/pages"}],"about":[{"href":"https:\/\/www.osteosanteplus.com\/index.php\/wp-json\/wp\/v2\/types\/page"}],"author":[{"embeddable":true,"href":"https:\/\/www.osteosanteplus.com\/index.php\/wp-json\/wp\/v2\/users\/1"}],"replies":[{"embeddable":true,"href":"https:\/\/www.osteosanteplus.com\/index.php\/wp-json\/wp\/v2\/comments?post=1843"}],"version-history":[{"count":9,"href":"https:\/\/www.osteosanteplus.com\/index.php\/wp-json\/wp\/v2\/pages\/1843\/revisions"}],"predecessor-version":[{"id":2108,"href":"https:\/\/www.osteosanteplus.com\/index.php\/wp-json\/wp\/v2\/pages\/1843\/revisions\/2108"}],"wp:attachment":[{"href":"https:\/\/www.osteosanteplus.com\/index.php\/wp-json\/wp\/v2\/media?parent=1843"}],"curies":[{"name":"wp","href":"https:\/\/api.w.org\/{rel}","templated":true}]}}