{"id":1851,"date":"2015-04-27T21:25:08","date_gmt":"2015-04-28T01:25:08","guid":{"rendered":"https:\/\/www.osteosanteplus.com\/?page_id=1851"},"modified":"2021-04-08T11:51:16","modified_gmt":"2021-04-08T15:51:16","slug":"horaire","status":"publish","type":"page","link":"https:\/\/www.osteosanteplus.com\/index.php\/horaire\/","title":{"rendered":"Horaire"},"content":{"rendered":"<div  class='column two-third  '><p>Veuillez prendre note que nous fonctionnons exclusivement que sur rendez-vous.<\/p>\n<div class='hr_invisible '><\/div>\n<h2>Heures D&rsquo;ouvertures<\/h2>\n<div class='notice'><span class='left'>Dimanche :<\/span> <span class='right'>Ferm\u00e9<\/span><\/div>\n<div class='notice'><span class='left'>Lundi        :<\/span> <span class='right'>9:00 - 16:00<\/span><\/div>\n<div class='notice'><span class='left'>Mardi         :<\/span> <span class='right'>14:00 - 21:00<\/span><\/div>\n<div class='notice'><span class='left'>Mercredi    :<\/span> <span class='right'>9:00 - 16:00<\/span><\/div>\n<div class='notice'><span class='left'>Jeudi          :<\/span> <span class='right'>14:00 - 21:00<\/span><\/div>\n<div class='notice'><span class='left'>Vendredi    :<\/span> <span class='right'>9:00 - 15:00<\/span><\/div>\n<div class='notice'><span class='left'>Samedi        :<\/span> <span class='right'>Ferm\u00e9<\/span><\/div>\n<div class='hr_invisible '><\/div><\/div>\n<div  class='column one-third  last'><h2>Nos Coordonn\u00e9es<\/h2>\n<ul class='contact-details '><li><span class='address'><\/span><p>333, Mont\u00e9e Sanche<br\/>Boisbriand, Qu\u00e9bec<br\/>J7G 2E6<br\/>A deux pas de la place Rosem\u00e8re<br\/><\/p><\/li>\n<li><span class='mail'><\/span><p><a href='mailto:info@osteosanteplus.com'>info@osteosanteplus.com<\/a><br\/><\/p><\/li>\n<li><span class='phone'><\/span><p>514.905.8187<br\/><\/p><\/li>\n<li><span class='phone'><\/span><p>TEXTO: 438-881-5175<br\/><\/p><\/li><\/ul><\/div>\n","protected":false},"excerpt":{"rendered":"","protected":false},"author":1,"featured_media":0,"parent":0,"menu_order":0,"comment_status":"open","ping_status":"open","template":"","meta":{"footnotes":""},"class_list":["post-1851","page","type-page","status-publish","hentry"],"yoast_head":"<!-- This site is optimized with the Yoast SEO plugin v26.6 - https:\/\/yoast.com\/wordpress\/plugins\/seo\/ -->\n<title>Horaire - Centre d&#039;Ost\u00e9opathie Sant\u00e9 Plus<\/title>\n<meta name=\"robots\" content=\"index, follow, max-snippet:-1, max-image-preview:large, max-video-preview:-1\" \/>\n<link rel=\"canonical\" href=\"https:\/\/www.osteosanteplus.com\/index.php\/horaire\/\" \/>\n<meta property=\"og:locale\" content=\"fr_FR\" \/>\n<meta property=\"og:type\" content=\"article\" \/>\n<meta property=\"og:title\" content=\"Horaire - Centre d&#039;Ost\u00e9opathie Sant\u00e9 Plus\" \/>\n<meta property=\"og:url\" content=\"https:\/\/www.osteosanteplus.com\/index.php\/horaire\/\" \/>\n<meta property=\"og:site_name\" content=\"Centre d&#039;Ost\u00e9opathie Sant\u00e9 Plus\" \/>\n<meta property=\"article:modified_time\" content=\"2021-04-08T15:51:16+00:00\" \/>\n<meta name=\"twitter:card\" content=\"summary_large_image\" \/>\n<script type=\"application\/ld+json\" class=\"yoast-schema-graph\">{\"@context\":\"https:\/\/schema.org\",\"@graph\":[{\"@type\":\"WebPage\",\"@id\":\"https:\/\/www.osteosanteplus.com\/index.php\/horaire\/\",\"url\":\"https:\/\/www.osteosanteplus.com\/index.php\/horaire\/\",\"name\":\"Horaire - Centre d'Ost\u00e9opathie Sant\u00e9 Plus\",\"isPartOf\":{\"@id\":\"https:\/\/www.osteosanteplus.com\/#website\"},\"datePublished\":\"2015-04-28T01:25:08+00:00\",\"dateModified\":\"2021-04-08T15:51:16+00:00\",\"breadcrumb\":{\"@id\":\"https:\/\/www.osteosanteplus.com\/index.php\/horaire\/#breadcrumb\"},\"inLanguage\":\"fr-FR\",\"potentialAction\":[{\"@type\":\"ReadAction\",\"target\":[\"https:\/\/www.osteosanteplus.com\/index.php\/horaire\/\"]}]},{\"@type\":\"BreadcrumbList\",\"@id\":\"https:\/\/www.osteosanteplus.com\/index.php\/horaire\/#breadcrumb\",\"itemListElement\":[{\"@type\":\"ListItem\",\"position\":1,\"name\":\"Accueil\",\"item\":\"https:\/\/www.osteosanteplus.com\/\"},{\"@type\":\"ListItem\",\"position\":2,\"name\":\"Horaire\"}]},{\"@type\":\"WebSite\",\"@id\":\"https:\/\/www.osteosanteplus.com\/#website\",\"url\":\"https:\/\/www.osteosanteplus.com\/\",\"name\":\"Centre d'Ost\u00e9opathie Sant\u00e9 Plus\",\"description\":\"Portail Centre d&#039;Ost\u00e9opathie Sant\u00e9 Plus Inc.\",\"potentialAction\":[{\"@type\":\"SearchAction\",\"target\":{\"@type\":\"EntryPoint\",\"urlTemplate\":\"https:\/\/www.osteosanteplus.com\/?s={search_term_string}\"},\"query-input\":{\"@type\":\"PropertyValueSpecification\",\"valueRequired\":true,\"valueName\":\"search_term_string\"}}],\"inLanguage\":\"fr-FR\"}]}<\/script>\n<!-- \/ Yoast SEO plugin. -->","yoast_head_json":{"title":"Horaire - Centre d'Ost\u00e9opathie Sant\u00e9 Plus","robots":{"index":"index","follow":"follow","max-snippet":"max-snippet:-1","max-image-preview":"max-image-preview:large","max-video-preview":"max-video-preview:-1"},"canonical":"https:\/\/www.osteosanteplus.com\/index.php\/horaire\/","og_locale":"fr_FR","og_type":"article","og_title":"Horaire - Centre d'Ost\u00e9opathie Sant\u00e9 Plus","og_url":"https:\/\/www.osteosanteplus.com\/index.php\/horaire\/","og_site_name":"Centre d'Ost\u00e9opathie Sant\u00e9 Plus","article_modified_time":"2021-04-08T15:51:16+00:00","twitter_card":"summary_large_image","schema":{"@context":"https:\/\/schema.org","@graph":[{"@type":"WebPage","@id":"https:\/\/www.osteosanteplus.com\/index.php\/horaire\/","url":"https:\/\/www.osteosanteplus.com\/index.php\/horaire\/","name":"Horaire - Centre d'Ost\u00e9opathie Sant\u00e9 Plus","isPartOf":{"@id":"https:\/\/www.osteosanteplus.com\/#website"},"datePublished":"2015-04-28T01:25:08+00:00","dateModified":"2021-04-08T15:51:16+00:00","breadcrumb":{"@id":"https:\/\/www.osteosanteplus.com\/index.php\/horaire\/#breadcrumb"},"inLanguage":"fr-FR","potentialAction":[{"@type":"ReadAction","target":["https:\/\/www.osteosanteplus.com\/index.php\/horaire\/"]}]},{"@type":"BreadcrumbList","@id":"https:\/\/www.osteosanteplus.com\/index.php\/horaire\/#breadcrumb","itemListElement":[{"@type":"ListItem","position":1,"name":"Accueil","item":"https:\/\/www.osteosanteplus.com\/"},{"@type":"ListItem","position":2,"name":"Horaire"}]},{"@type":"WebSite","@id":"https:\/\/www.osteosanteplus.com\/#website","url":"https:\/\/www.osteosanteplus.com\/","name":"Centre d'Ost\u00e9opathie Sant\u00e9 Plus","description":"Portail Centre d&#039;Ost\u00e9opathie Sant\u00e9 Plus Inc.","potentialAction":[{"@type":"SearchAction","target":{"@type":"EntryPoint","urlTemplate":"https:\/\/www.osteosanteplus.com\/?s={search_term_string}"},"query-input":{"@type":"PropertyValueSpecification","valueRequired":true,"valueName":"search_term_string"}}],"inLanguage":"fr-FR"}]}},"_links":{"self":[{"href":"https:\/\/www.osteosanteplus.com\/index.php\/wp-json\/wp\/v2\/pages\/1851","targetHints":{"allow":["GET"]}}],"collection":[{"href":"https:\/\/www.osteosanteplus.com\/index.php\/wp-json\/wp\/v2\/pages"}],"about":[{"href":"https:\/\/www.osteosanteplus.com\/index.php\/wp-json\/wp\/v2\/types\/page"}],"author":[{"embeddable":true,"href":"https:\/\/www.osteosanteplus.com\/index.php\/wp-json\/wp\/v2\/users\/1"}],"replies":[{"embeddable":true,"href":"https:\/\/www.osteosanteplus.com\/index.php\/wp-json\/wp\/v2\/comments?post=1851"}],"version-history":[{"count":14,"href":"https:\/\/www.osteosanteplus.com\/index.php\/wp-json\/wp\/v2\/pages\/1851\/revisions"}],"predecessor-version":[{"id":2084,"href":"https:\/\/www.osteosanteplus.com\/index.php\/wp-json\/wp\/v2\/pages\/1851\/revisions\/2084"}],"wp:attachment":[{"href":"https:\/\/www.osteosanteplus.com\/index.php\/wp-json\/wp\/v2\/media?parent=1851"}],"curies":[{"name":"wp","href":"https:\/\/api.w.org\/{rel}","templated":true}]}}