{"id":2132,"date":"2025-11-19T20:27:30","date_gmt":"2025-11-20T01:27:30","guid":{"rendered":"https:\/\/www.osteosanteplus.com\/index.php\/produit\/carte-cadeau\/"},"modified":"2025-11-19T20:59:27","modified_gmt":"2025-11-20T01:59:27","slug":"carte-cadeau","status":"publish","type":"product","link":"https:\/\/www.osteosanteplus.com\/index.php\/produit\/carte-cadeau\/","title":{"rendered":"Carte Cadeau"},"content":{"rendered":"<p>Offrez le cadeau du mieux-\u00eatre avec cette carte-cadeau de 109,23 $, correspondant au co\u00fbt d\u2019un traitement complet d\u2019ost\u00e9opathie (95 $ + taxes).<\/p>\n<p>C\u2019est le pr\u00e9sent id\u00e9al pour une personne qui souffre de douleurs, de tension, de stress ou qui souhaite simplement prendre soin de sa sant\u00e9. L\u2019ost\u00e9opathie est une approche douce et manuelle qui vise \u00e0 r\u00e9tablir l\u2019\u00e9quilibre du corps et \u00e0 favoriser une meilleure mobilit\u00e9.<\/p>\n<p>La carte-cadeau est envoy\u00e9e automatiquement par courriel au destinataire de votre choix, et peut \u00eatre utilis\u00e9e lors d\u2019un rendez-vous au Centre d\u2019Ost\u00e9opathie Sant\u00e9 Plus. Elle n\u2019expire jamais et peut \u00eatre appliqu\u00e9e comme mode de paiement lors du traitement.<\/p>\n<p>\ud83c\udf81 Parfait pour :<\/p>\n<p>anniversaires<\/p>\n<p>f\u00eates et c\u00e9l\u00e9brations<\/p>\n<p>remerciements<\/p>\n<p>gestes attentionn\u00e9s<\/p>\n<p>encouragements pour la sant\u00e9 et le bien-\u00eatre<\/p>\n<p>Offrez un moment de d\u00e9tente, d\u2019apaisement et de soins personnalis\u00e9s \u2014 un cadeau qui fait vraiment du bien.<\/p>\n","protected":false},"excerpt":{"rendered":"<p>Carte-cadeau de 109,23 $, \u00e9quivalente \u00e0 un traitement complet d\u2019ost\u00e9opathie. Envoy\u00e9e par courriel, utilisable en tout temps au Centre d\u2019Ost\u00e9opathie Sant\u00e9 Plus. \ud83c\udf81\ud83d\udc9b<\/p>\n","protected":false},"featured_media":2141,"comment_status":"open","ping_status":"closed","template":"","meta":[],"product_brand":[],"product_cat":[50],"product_tag":[51],"class_list":{"0":"post-2132","1":"product","2":"type-product","3":"status-publish","4":"has-post-thumbnail","6":"product_cat-carte-cadeau","7":"product_tag-carte-cadeau","9":"first","10":"instock","11":"purchasable","12":"product-type-pw-gift-card"},"yoast_head":"<!-- This site is optimized with the Yoast SEO plugin v26.6 - https:\/\/yoast.com\/wordpress\/plugins\/seo\/ -->\n<title>Carte Cadeau - Centre d&#039;Ost\u00e9opathie Sant\u00e9 Plus<\/title>\n<meta name=\"robots\" content=\"index, follow, max-snippet:-1, max-image-preview:large, max-video-preview:-1\" \/>\n<link rel=\"canonical\" href=\"https:\/\/www.osteosanteplus.com\/index.php\/produit\/carte-cadeau\/\" \/>\n<meta property=\"og:locale\" content=\"fr_FR\" \/>\n<meta property=\"og:type\" content=\"article\" \/>\n<meta property=\"og:title\" content=\"Carte Cadeau - Centre d&#039;Ost\u00e9opathie Sant\u00e9 Plus\" \/>\n<meta property=\"og:description\" content=\"Carte-cadeau de 109,23 $, \u00e9quivalente \u00e0 un traitement complet d\u2019ost\u00e9opathie. Envoy\u00e9e par courriel, utilisable en tout temps au Centre d\u2019Ost\u00e9opathie Sant\u00e9 Plus. \ud83c\udf81\ud83d\udc9b\" \/>\n<meta property=\"og:url\" content=\"https:\/\/www.osteosanteplus.com\/index.php\/produit\/carte-cadeau\/\" \/>\n<meta property=\"og:site_name\" content=\"Centre d&#039;Ost\u00e9opathie Sant\u00e9 Plus\" \/>\n<meta property=\"article:modified_time\" content=\"2025-11-20T01:59:27+00:00\" \/>\n<meta property=\"og:image\" content=\"https:\/\/www.osteosanteplus.com\/wp-content\/uploads\/2025\/11\/ChatGPT-Image-19-nov.-2025-20_57_40.png\" \/>\n\t<meta property=\"og:image:width\" content=\"1024\" \/>\n\t<meta property=\"og:image:height\" content=\"1024\" \/>\n\t<meta property=\"og:image:type\" content=\"image\/png\" \/>\n<meta name=\"twitter:card\" content=\"summary_large_image\" \/>\n<meta name=\"twitter:label1\" content=\"Dur\u00e9e de lecture estim\u00e9e\" \/>\n\t<meta name=\"twitter:data1\" content=\"1 minute\" \/>\n<script type=\"application\/ld+json\" class=\"yoast-schema-graph\">{\"@context\":\"https:\/\/schema.org\",\"@graph\":[{\"@type\":\"WebPage\",\"@id\":\"https:\/\/www.osteosanteplus.com\/index.php\/produit\/carte-cadeau\/\",\"url\":\"https:\/\/www.osteosanteplus.com\/index.php\/produit\/carte-cadeau\/\",\"name\":\"Carte Cadeau - Centre d'Ost\u00e9opathie Sant\u00e9 Plus\",\"isPartOf\":{\"@id\":\"https:\/\/www.osteosanteplus.com\/#website\"},\"primaryImageOfPage\":{\"@id\":\"https:\/\/www.osteosanteplus.com\/index.php\/produit\/carte-cadeau\/#primaryimage\"},\"image\":{\"@id\":\"https:\/\/www.osteosanteplus.com\/index.php\/produit\/carte-cadeau\/#primaryimage\"},\"thumbnailUrl\":\"https:\/\/www.osteosanteplus.com\/wp-content\/uploads\/2025\/11\/ChatGPT-Image-19-nov.-2025-20_57_40.png\",\"datePublished\":\"2025-11-20T01:27:30+00:00\",\"dateModified\":\"2025-11-20T01:59:27+00:00\",\"breadcrumb\":{\"@id\":\"https:\/\/www.osteosanteplus.com\/index.php\/produit\/carte-cadeau\/#breadcrumb\"},\"inLanguage\":\"fr-FR\",\"potentialAction\":[{\"@type\":\"ReadAction\",\"target\":[\"https:\/\/www.osteosanteplus.com\/index.php\/produit\/carte-cadeau\/\"]}]},{\"@type\":\"ImageObject\",\"inLanguage\":\"fr-FR\",\"@id\":\"https:\/\/www.osteosanteplus.com\/index.php\/produit\/carte-cadeau\/#primaryimage\",\"url\":\"https:\/\/www.osteosanteplus.com\/wp-content\/uploads\/2025\/11\/ChatGPT-Image-19-nov.-2025-20_57_40.png\",\"contentUrl\":\"https:\/\/www.osteosanteplus.com\/wp-content\/uploads\/2025\/11\/ChatGPT-Image-19-nov.-2025-20_57_40.png\",\"width\":1024,\"height\":1024},{\"@type\":\"BreadcrumbList\",\"@id\":\"https:\/\/www.osteosanteplus.com\/index.php\/produit\/carte-cadeau\/#breadcrumb\",\"itemListElement\":[{\"@type\":\"ListItem\",\"position\":1,\"name\":\"Accueil\",\"item\":\"https:\/\/www.osteosanteplus.com\/\"},{\"@type\":\"ListItem\",\"position\":2,\"name\":\"Shop\",\"item\":\"https:\/\/www.osteosanteplus.com\/index.php\/shop\/\"},{\"@type\":\"ListItem\",\"position\":3,\"name\":\"Carte Cadeau\"}]},{\"@type\":\"WebSite\",\"@id\":\"https:\/\/www.osteosanteplus.com\/#website\",\"url\":\"https:\/\/www.osteosanteplus.com\/\",\"name\":\"Centre d'Ost\u00e9opathie Sant\u00e9 Plus\",\"description\":\"Portail Centre d&#039;Ost\u00e9opathie Sant\u00e9 Plus Inc.\",\"potentialAction\":[{\"@type\":\"SearchAction\",\"target\":{\"@type\":\"EntryPoint\",\"urlTemplate\":\"https:\/\/www.osteosanteplus.com\/?s={search_term_string}\"},\"query-input\":{\"@type\":\"PropertyValueSpecification\",\"valueRequired\":true,\"valueName\":\"search_term_string\"}}],\"inLanguage\":\"fr-FR\"}]}<\/script>\n<!-- \/ Yoast SEO plugin. -->","yoast_head_json":{"title":"Carte Cadeau - Centre d'Ost\u00e9opathie Sant\u00e9 Plus","robots":{"index":"index","follow":"follow","max-snippet":"max-snippet:-1","max-image-preview":"max-image-preview:large","max-video-preview":"max-video-preview:-1"},"canonical":"https:\/\/www.osteosanteplus.com\/index.php\/produit\/carte-cadeau\/","og_locale":"fr_FR","og_type":"article","og_title":"Carte Cadeau - Centre d'Ost\u00e9opathie Sant\u00e9 Plus","og_description":"Carte-cadeau de 109,23 $, \u00e9quivalente \u00e0 un traitement complet d\u2019ost\u00e9opathie. Envoy\u00e9e par courriel, utilisable en tout temps au Centre d\u2019Ost\u00e9opathie Sant\u00e9 Plus. \ud83c\udf81\ud83d\udc9b","og_url":"https:\/\/www.osteosanteplus.com\/index.php\/produit\/carte-cadeau\/","og_site_name":"Centre d'Ost\u00e9opathie Sant\u00e9 Plus","article_modified_time":"2025-11-20T01:59:27+00:00","og_image":[{"width":1024,"height":1024,"url":"https:\/\/www.osteosanteplus.com\/wp-content\/uploads\/2025\/11\/ChatGPT-Image-19-nov.-2025-20_57_40.png","type":"image\/png"}],"twitter_card":"summary_large_image","twitter_misc":{"Dur\u00e9e de lecture estim\u00e9e":"1 minute"},"schema":{"@context":"https:\/\/schema.org","@graph":[{"@type":"WebPage","@id":"https:\/\/www.osteosanteplus.com\/index.php\/produit\/carte-cadeau\/","url":"https:\/\/www.osteosanteplus.com\/index.php\/produit\/carte-cadeau\/","name":"Carte Cadeau - Centre d'Ost\u00e9opathie Sant\u00e9 Plus","isPartOf":{"@id":"https:\/\/www.osteosanteplus.com\/#website"},"primaryImageOfPage":{"@id":"https:\/\/www.osteosanteplus.com\/index.php\/produit\/carte-cadeau\/#primaryimage"},"image":{"@id":"https:\/\/www.osteosanteplus.com\/index.php\/produit\/carte-cadeau\/#primaryimage"},"thumbnailUrl":"https:\/\/www.osteosanteplus.com\/wp-content\/uploads\/2025\/11\/ChatGPT-Image-19-nov.-2025-20_57_40.png","datePublished":"2025-11-20T01:27:30+00:00","dateModified":"2025-11-20T01:59:27+00:00","breadcrumb":{"@id":"https:\/\/www.osteosanteplus.com\/index.php\/produit\/carte-cadeau\/#breadcrumb"},"inLanguage":"fr-FR","potentialAction":[{"@type":"ReadAction","target":["https:\/\/www.osteosanteplus.com\/index.php\/produit\/carte-cadeau\/"]}]},{"@type":"ImageObject","inLanguage":"fr-FR","@id":"https:\/\/www.osteosanteplus.com\/index.php\/produit\/carte-cadeau\/#primaryimage","url":"https:\/\/www.osteosanteplus.com\/wp-content\/uploads\/2025\/11\/ChatGPT-Image-19-nov.-2025-20_57_40.png","contentUrl":"https:\/\/www.osteosanteplus.com\/wp-content\/uploads\/2025\/11\/ChatGPT-Image-19-nov.-2025-20_57_40.png","width":1024,"height":1024},{"@type":"BreadcrumbList","@id":"https:\/\/www.osteosanteplus.com\/index.php\/produit\/carte-cadeau\/#breadcrumb","itemListElement":[{"@type":"ListItem","position":1,"name":"Accueil","item":"https:\/\/www.osteosanteplus.com\/"},{"@type":"ListItem","position":2,"name":"Shop","item":"https:\/\/www.osteosanteplus.com\/index.php\/shop\/"},{"@type":"ListItem","position":3,"name":"Carte Cadeau"}]},{"@type":"WebSite","@id":"https:\/\/www.osteosanteplus.com\/#website","url":"https:\/\/www.osteosanteplus.com\/","name":"Centre d'Ost\u00e9opathie Sant\u00e9 Plus","description":"Portail Centre d&#039;Ost\u00e9opathie Sant\u00e9 Plus Inc.","potentialAction":[{"@type":"SearchAction","target":{"@type":"EntryPoint","urlTemplate":"https:\/\/www.osteosanteplus.com\/?s={search_term_string}"},"query-input":{"@type":"PropertyValueSpecification","valueRequired":true,"valueName":"search_term_string"}}],"inLanguage":"fr-FR"}]}},"_links":{"self":[{"href":"https:\/\/www.osteosanteplus.com\/index.php\/wp-json\/wp\/v2\/product\/2132","targetHints":{"allow":["GET"]}}],"collection":[{"href":"https:\/\/www.osteosanteplus.com\/index.php\/wp-json\/wp\/v2\/product"}],"about":[{"href":"https:\/\/www.osteosanteplus.com\/index.php\/wp-json\/wp\/v2\/types\/product"}],"replies":[{"embeddable":true,"href":"https:\/\/www.osteosanteplus.com\/index.php\/wp-json\/wp\/v2\/comments?post=2132"}],"wp:featuredmedia":[{"embeddable":true,"href":"https:\/\/www.osteosanteplus.com\/index.php\/wp-json\/wp\/v2\/media\/2141"}],"wp:attachment":[{"href":"https:\/\/www.osteosanteplus.com\/index.php\/wp-json\/wp\/v2\/media?parent=2132"}],"wp:term":[{"taxonomy":"product_brand","embeddable":true,"href":"https:\/\/www.osteosanteplus.com\/index.php\/wp-json\/wp\/v2\/product_brand?post=2132"},{"taxonomy":"product_cat","embeddable":true,"href":"https:\/\/www.osteosanteplus.com\/index.php\/wp-json\/wp\/v2\/product_cat?post=2132"},{"taxonomy":"product_tag","embeddable":true,"href":"https:\/\/www.osteosanteplus.com\/index.php\/wp-json\/wp\/v2\/product_tag?post=2132"}],"curies":[{"name":"wp","href":"https:\/\/api.w.org\/{rel}","templated":true}]}}